{"id":461,"date":"2024-11-20T23:21:39","date_gmt":"2024-11-20T22:21:39","guid":{"rendered":"https:\/\/www.paolavalentin.fr\/?page_id=461"},"modified":"2024-11-20T23:32:45","modified_gmt":"2024-11-20T22:32:45","slug":"fete-foraine-2","status":"publish","type":"page","link":"https:\/\/www.paolavalentin.fr\/index.php\/fete-foraine-2\/","title":{"rendered":"F\u00caTE-FORAINE"},"content":{"rendered":"\n<figure class=\"wp-block-image size-large\"><img loading=\"lazy\" decoding=\"async\" width=\"1024\" height=\"768\" src=\"https:\/\/www.paolavalentin.fr\/wp-content\/uploads\/2024\/11\/IMG_8585-1024x768.jpg\" alt=\"\" class=\"wp-image-199\" srcset=\"https:\/\/www.paolavalentin.fr\/wp-content\/uploads\/2024\/11\/IMG_8585-1024x768.jpg 1024w, https:\/\/www.paolavalentin.fr\/wp-content\/uploads\/2024\/11\/IMG_8585-300x225.jpg 300w, https:\/\/www.paolavalentin.fr\/wp-content\/uploads\/2024\/11\/IMG_8585-768x576.jpg 768w, https:\/\/www.paolavalentin.fr\/wp-content\/uploads\/2024\/11\/IMG_8585-1536x1152.jpg 1536w, https:\/\/www.paolavalentin.fr\/wp-content\/uploads\/2024\/11\/IMG_8585-2048x1536.jpg 2048w, https:\/\/www.paolavalentin.fr\/wp-content\/uploads\/2024\/11\/IMG_8585-1568x1176.jpg 1568w\" sizes=\"auto, (max-width: 1024px) 100vw, 1024px\" \/><\/figure>\n\n\n\n<p style=\"font-size:12px\"><em>documentaire de cr\u00e9ation,&nbsp; 60\u2009min, Hutong Productions<\/em><\/p>\n\n\n\n<p style=\"font-size:12px\">Sur le parking isol\u00e9 d\u2019une petite ville au c\u0153ur de la Sarthe, une f\u00eate foraine s\u2019installe. Du montage au d\u00e9montage, je sillonne les stands, je pars \u00e0 la rencontre des forains, des visiteurs, je les invite \u00e0 partager leurs r\u00eaves.<br>Je fais le choix de cr\u00e9er des passe-t\u00eates grandeur nature, et j\u2019invite forains et visiteurs \u00e0 passer leur t\u00eate dans ces grands cadres blancs, ainsi j\u2019ouvre une fen\u00eatre sur leur imaginaire. Ils me d\u00e9crivent comment ils se r\u00eavent et o\u00f9. Je viens illustrer sur la surface vierge du passe-t\u00eate ce \u201cmonde \u00e0 soi\u201d qu\u2019ils me confient.<\/p>\n\n\n\n<figure class=\"wp-block-gallery has-nested-images columns-2 is-cropped wp-block-gallery-1 is-layout-flex wp-block-gallery-is-layout-flex\">\n<figure class=\"wp-block-image size-large\"><img loading=\"lazy\" decoding=\"async\" width=\"1024\" height=\"465\" data-id=\"320\" src=\"https:\/\/www.paolavalentin.fr\/wp-content\/uploads\/2024\/11\/Capture-decran-2024-04-07-a-17.17.52-1024x465.png\" alt=\"\" class=\"wp-image-320\" srcset=\"https:\/\/www.paolavalentin.fr\/wp-content\/uploads\/2024\/11\/Capture-decran-2024-04-07-a-17.17.52-1024x465.png 1024w, https:\/\/www.paolavalentin.fr\/wp-content\/uploads\/2024\/11\/Capture-decran-2024-04-07-a-17.17.52-300x136.png 300w, https:\/\/www.paolavalentin.fr\/wp-content\/uploads\/2024\/11\/Capture-decran-2024-04-07-a-17.17.52-768x349.png 768w, https:\/\/www.paolavalentin.fr\/wp-content\/uploads\/2024\/11\/Capture-decran-2024-04-07-a-17.17.52-1536x698.png 1536w, https:\/\/www.paolavalentin.fr\/wp-content\/uploads\/2024\/11\/Capture-decran-2024-04-07-a-17.17.52-2048x931.png 2048w, https:\/\/www.paolavalentin.fr\/wp-content\/uploads\/2024\/11\/Capture-decran-2024-04-07-a-17.17.52-1568x712.png 1568w\" sizes=\"auto, (max-width: 1024px) 100vw, 1024px\" \/><\/figure>\n\n\n\n<figure class=\"wp-block-image size-large\"><img loading=\"lazy\" decoding=\"async\" width=\"1024\" height=\"758\" data-id=\"319\" src=\"https:\/\/www.paolavalentin.fr\/wp-content\/uploads\/2024\/11\/Capture-decran-2024-04-07-a-17.19.54-1-1024x758.png\" alt=\"\" class=\"wp-image-319\" srcset=\"https:\/\/www.paolavalentin.fr\/wp-content\/uploads\/2024\/11\/Capture-decran-2024-04-07-a-17.19.54-1-1024x758.png 1024w, https:\/\/www.paolavalentin.fr\/wp-content\/uploads\/2024\/11\/Capture-decran-2024-04-07-a-17.19.54-1-300x222.png 300w, https:\/\/www.paolavalentin.fr\/wp-content\/uploads\/2024\/11\/Capture-decran-2024-04-07-a-17.19.54-1-768x568.png 768w, https:\/\/www.paolavalentin.fr\/wp-content\/uploads\/2024\/11\/Capture-decran-2024-04-07-a-17.19.54-1-1536x1137.png 1536w, https:\/\/www.paolavalentin.fr\/wp-content\/uploads\/2024\/11\/Capture-decran-2024-04-07-a-17.19.54-1-2048x1516.png 2048w, https:\/\/www.paolavalentin.fr\/wp-content\/uploads\/2024\/11\/Capture-decran-2024-04-07-a-17.19.54-1-1568x1160.png 1568w\" sizes=\"auto, (max-width: 1024px) 100vw, 1024px\" \/><\/figure>\n\n\n\n<figure class=\"wp-block-image size-large\"><img loading=\"lazy\" decoding=\"async\" width=\"1024\" height=\"457\" data-id=\"316\" src=\"https:\/\/www.paolavalentin.fr\/wp-content\/uploads\/2024\/11\/Capture-decran-2024-04-07-a-17.19.12-1-1024x457.png\" alt=\"\" class=\"wp-image-316\" srcset=\"https:\/\/www.paolavalentin.fr\/wp-content\/uploads\/2024\/11\/Capture-decran-2024-04-07-a-17.19.12-1-1024x457.png 1024w, https:\/\/www.paolavalentin.fr\/wp-content\/uploads\/2024\/11\/Capture-decran-2024-04-07-a-17.19.12-1-300x134.png 300w, https:\/\/www.paolavalentin.fr\/wp-content\/uploads\/2024\/11\/Capture-decran-2024-04-07-a-17.19.12-1-768x343.png 768w, https:\/\/www.paolavalentin.fr\/wp-content\/uploads\/2024\/11\/Capture-decran-2024-04-07-a-17.19.12-1-1536x686.png 1536w, https:\/\/www.paolavalentin.fr\/wp-content\/uploads\/2024\/11\/Capture-decran-2024-04-07-a-17.19.12-1-2048x914.png 2048w, https:\/\/www.paolavalentin.fr\/wp-content\/uploads\/2024\/11\/Capture-decran-2024-04-07-a-17.19.12-1-1568x700.png 1568w\" sizes=\"auto, (max-width: 1024px) 100vw, 1024px\" \/><\/figure>\n\n\n\n<figure class=\"wp-block-image size-large\"><img loading=\"lazy\" decoding=\"async\" width=\"1024\" height=\"447\" data-id=\"193\" src=\"https:\/\/www.paolavalentin.fr\/wp-content\/uploads\/2024\/11\/Capture-decran-2024-04-07-a-17.18.12-1024x447.png\" alt=\"\" class=\"wp-image-193\" srcset=\"https:\/\/www.paolavalentin.fr\/wp-content\/uploads\/2024\/11\/Capture-decran-2024-04-07-a-17.18.12-1024x447.png 1024w, https:\/\/www.paolavalentin.fr\/wp-content\/uploads\/2024\/11\/Capture-decran-2024-04-07-a-17.18.12-300x131.png 300w, https:\/\/www.paolavalentin.fr\/wp-content\/uploads\/2024\/11\/Capture-decran-2024-04-07-a-17.18.12-768x335.png 768w, https:\/\/www.paolavalentin.fr\/wp-content\/uploads\/2024\/11\/Capture-decran-2024-04-07-a-17.18.12-1536x671.png 1536w, https:\/\/www.paolavalentin.fr\/wp-content\/uploads\/2024\/11\/Capture-decran-2024-04-07-a-17.18.12-2048x895.png 2048w, https:\/\/www.paolavalentin.fr\/wp-content\/uploads\/2024\/11\/Capture-decran-2024-04-07-a-17.18.12-1568x685.png 1568w\" sizes=\"auto, (max-width: 1024px) 100vw, 1024px\" \/><\/figure>\n\n\n\n<figure class=\"wp-block-image size-large\"><img loading=\"lazy\" decoding=\"async\" width=\"1024\" height=\"454\" data-id=\"317\" src=\"https:\/\/www.paolavalentin.fr\/wp-content\/uploads\/2024\/11\/Capture-decran-2024-04-07-a-17.18.53-1-1024x454.png\" alt=\"\" class=\"wp-image-317\" srcset=\"https:\/\/www.paolavalentin.fr\/wp-content\/uploads\/2024\/11\/Capture-decran-2024-04-07-a-17.18.53-1-1024x454.png 1024w, https:\/\/www.paolavalentin.fr\/wp-content\/uploads\/2024\/11\/Capture-decran-2024-04-07-a-17.18.53-1-300x133.png 300w, https:\/\/www.paolavalentin.fr\/wp-content\/uploads\/2024\/11\/Capture-decran-2024-04-07-a-17.18.53-1-768x340.png 768w, https:\/\/www.paolavalentin.fr\/wp-content\/uploads\/2024\/11\/Capture-decran-2024-04-07-a-17.18.53-1-1536x681.png 1536w, https:\/\/www.paolavalentin.fr\/wp-content\/uploads\/2024\/11\/Capture-decran-2024-04-07-a-17.18.53-1-2048x907.png 2048w, https:\/\/www.paolavalentin.fr\/wp-content\/uploads\/2024\/11\/Capture-decran-2024-04-07-a-17.18.53-1-1568x695.png 1568w\" sizes=\"auto, (max-width: 1024px) 100vw, 1024px\" \/><\/figure>\n\n\n\n<figure class=\"wp-block-image size-large\"><img loading=\"lazy\" decoding=\"async\" width=\"1024\" height=\"456\" data-id=\"318\" src=\"https:\/\/www.paolavalentin.fr\/wp-content\/uploads\/2024\/11\/Capture-decran-2024-04-07-a-17.18.36-1024x456.png\" alt=\"\" class=\"wp-image-318\" srcset=\"https:\/\/www.paolavalentin.fr\/wp-content\/uploads\/2024\/11\/Capture-decran-2024-04-07-a-17.18.36-1024x456.png 1024w, https:\/\/www.paolavalentin.fr\/wp-content\/uploads\/2024\/11\/Capture-decran-2024-04-07-a-17.18.36-300x134.png 300w, https:\/\/www.paolavalentin.fr\/wp-content\/uploads\/2024\/11\/Capture-decran-2024-04-07-a-17.18.36-768x342.png 768w, https:\/\/www.paolavalentin.fr\/wp-content\/uploads\/2024\/11\/Capture-decran-2024-04-07-a-17.18.36-1536x684.png 1536w, https:\/\/www.paolavalentin.fr\/wp-content\/uploads\/2024\/11\/Capture-decran-2024-04-07-a-17.18.36-2048x912.png 2048w, https:\/\/www.paolavalentin.fr\/wp-content\/uploads\/2024\/11\/Capture-decran-2024-04-07-a-17.18.36-1568x698.png 1568w\" sizes=\"auto, (max-width: 1024px) 100vw, 1024px\" \/><\/figure>\n\n\n\n<figure class=\"wp-block-image size-large\"><img loading=\"lazy\" decoding=\"async\" width=\"1024\" height=\"574\" data-id=\"188\" src=\"https:\/\/www.paolavalentin.fr\/wp-content\/uploads\/2024\/11\/Capture-decran-2023-03-20-a-18.34.46-1024x574.png\" alt=\"\" class=\"wp-image-188\" srcset=\"https:\/\/www.paolavalentin.fr\/wp-content\/uploads\/2024\/11\/Capture-decran-2023-03-20-a-18.34.46-1024x574.png 1024w, https:\/\/www.paolavalentin.fr\/wp-content\/uploads\/2024\/11\/Capture-decran-2023-03-20-a-18.34.46-300x168.png 300w, https:\/\/www.paolavalentin.fr\/wp-content\/uploads\/2024\/11\/Capture-decran-2023-03-20-a-18.34.46-768x430.png 768w, https:\/\/www.paolavalentin.fr\/wp-content\/uploads\/2024\/11\/Capture-decran-2023-03-20-a-18.34.46-1536x861.png 1536w, https:\/\/www.paolavalentin.fr\/wp-content\/uploads\/2024\/11\/Capture-decran-2023-03-20-a-18.34.46-2048x1147.png 2048w, https:\/\/www.paolavalentin.fr\/wp-content\/uploads\/2024\/11\/Capture-decran-2023-03-20-a-18.34.46-1568x879.png 1568w\" sizes=\"auto, (max-width: 1024px) 100vw, 1024px\" \/><\/figure>\n\n\n\n<figure class=\"wp-block-image size-large\"><img loading=\"lazy\" decoding=\"async\" width=\"1024\" height=\"573\" data-id=\"211\" src=\"https:\/\/www.paolavalentin.fr\/wp-content\/uploads\/2024\/11\/Numeriser-18-1-1024x573.jpeg\" alt=\"\" class=\"wp-image-211\" srcset=\"https:\/\/www.paolavalentin.fr\/wp-content\/uploads\/2024\/11\/Numeriser-18-1-1024x573.jpeg 1024w, https:\/\/www.paolavalentin.fr\/wp-content\/uploads\/2024\/11\/Numeriser-18-1-300x168.jpeg 300w, https:\/\/www.paolavalentin.fr\/wp-content\/uploads\/2024\/11\/Numeriser-18-1-768x430.jpeg 768w, https:\/\/www.paolavalentin.fr\/wp-content\/uploads\/2024\/11\/Numeriser-18-1-1536x860.jpeg 1536w\" sizes=\"auto, (max-width: 1024px) 100vw, 1024px\" \/><\/figure>\n\n\n\n<figure class=\"wp-block-image size-large\"><img loading=\"lazy\" decoding=\"async\" width=\"1024\" height=\"591\" data-id=\"191\" src=\"https:\/\/www.paolavalentin.fr\/wp-content\/uploads\/2024\/11\/Capture-decran-2024-01-08-a-14.17.02-1024x591.png\" alt=\"\" class=\"wp-image-191\" srcset=\"https:\/\/www.paolavalentin.fr\/wp-content\/uploads\/2024\/11\/Capture-decran-2024-01-08-a-14.17.02-1024x591.png 1024w, https:\/\/www.paolavalentin.fr\/wp-content\/uploads\/2024\/11\/Capture-decran-2024-01-08-a-14.17.02-300x173.png 300w, https:\/\/www.paolavalentin.fr\/wp-content\/uploads\/2024\/11\/Capture-decran-2024-01-08-a-14.17.02-768x443.png 768w, https:\/\/www.paolavalentin.fr\/wp-content\/uploads\/2024\/11\/Capture-decran-2024-01-08-a-14.17.02-1536x886.png 1536w, https:\/\/www.paolavalentin.fr\/wp-content\/uploads\/2024\/11\/Capture-decran-2024-01-08-a-14.17.02-2048x1182.png 2048w, https:\/\/www.paolavalentin.fr\/wp-content\/uploads\/2024\/11\/Capture-decran-2024-01-08-a-14.17.02-1568x905.png 1568w\" sizes=\"auto, (max-width: 1024px) 100vw, 1024px\" \/><\/figure>\n\n\n\n<figure class=\"wp-block-image size-large\"><img loading=\"lazy\" decoding=\"async\" width=\"1024\" height=\"768\" data-id=\"199\" src=\"https:\/\/www.paolavalentin.fr\/wp-content\/uploads\/2024\/11\/IMG_8585-1024x768.jpg\" alt=\"\" class=\"wp-image-199\" srcset=\"https:\/\/www.paolavalentin.fr\/wp-content\/uploads\/2024\/11\/IMG_8585-1024x768.jpg 1024w, https:\/\/www.paolavalentin.fr\/wp-content\/uploads\/2024\/11\/IMG_8585-300x225.jpg 300w, https:\/\/www.paolavalentin.fr\/wp-content\/uploads\/2024\/11\/IMG_8585-768x576.jpg 768w, https:\/\/www.paolavalentin.fr\/wp-content\/uploads\/2024\/11\/IMG_8585-1536x1152.jpg 1536w, https:\/\/www.paolavalentin.fr\/wp-content\/uploads\/2024\/11\/IMG_8585-2048x1536.jpg 2048w, https:\/\/www.paolavalentin.fr\/wp-content\/uploads\/2024\/11\/IMG_8585-1568x1176.jpg 1568w\" sizes=\"auto, (max-width: 1024px) 100vw, 1024px\" \/><\/figure>\n<\/figure>\n\n\n\n<p style=\"font-size:12px\"><br><\/p>\n\n\n\n<p><\/p>\n","protected":false},"excerpt":{"rendered":"<p>documentaire de cr\u00e9ation,&nbsp; 60\u2009min, Hutong Productions Sur le parking isol\u00e9 d\u2019une petite ville au c\u0153ur de la Sarthe, une f\u00eate foraine s\u2019installe. Du montage au d\u00e9montage, je sillonne les stands, je pars \u00e0 la rencontre des forains, des visiteurs, je les invite \u00e0 partager leurs r\u00eaves.Je fais le choix de cr\u00e9er des passe-t\u00eates grandeur nature,&hellip; <a class=\"more-link\" href=\"https:\/\/www.paolavalentin.fr\/index.php\/fete-foraine-2\/\">Continue reading <span class=\"screen-reader-text\">F\u00caTE-FORAINE<\/span><\/a><\/p>\n","protected":false},"author":1,"featured_media":0,"parent":0,"menu_order":0,"comment_status":"closed","ping_status":"closed","template":"","meta":{"footnotes":""},"class_list":["post-461","page","type-page","status-publish","hentry","entry"],"_links":{"self":[{"href":"https:\/\/www.paolavalentin.fr\/index.php\/wp-json\/wp\/v2\/pages\/461","targetHints":{"allow":["GET"]}}],"collection":[{"href":"https:\/\/www.paolavalentin.fr\/index.php\/wp-json\/wp\/v2\/pages"}],"about":[{"href":"https:\/\/www.paolavalentin.fr\/index.php\/wp-json\/wp\/v2\/types\/page"}],"author":[{"embeddable":true,"href":"https:\/\/www.paolavalentin.fr\/index.php\/wp-json\/wp\/v2\/users\/1"}],"replies":[{"embeddable":true,"href":"https:\/\/www.paolavalentin.fr\/index.php\/wp-json\/wp\/v2\/comments?post=461"}],"version-history":[{"count":4,"href":"https:\/\/www.paolavalentin.fr\/index.php\/wp-json\/wp\/v2\/pages\/461\/revisions"}],"predecessor-version":[{"id":467,"href":"https:\/\/www.paolavalentin.fr\/index.php\/wp-json\/wp\/v2\/pages\/461\/revisions\/467"}],"wp:attachment":[{"href":"https:\/\/www.paolavalentin.fr\/index.php\/wp-json\/wp\/v2\/media?parent=461"}],"curies":[{"name":"wp","href":"https:\/\/api.w.org\/{rel}","templated":true}]}}